{"id":9025,"date":"2021-01-17T21:09:41","date_gmt":"2021-01-17T21:09:41","guid":{"rendered":"https:\/\/villamediteraneo.com\/?page_id=9025"},"modified":"2021-01-26T19:34:55","modified_gmt":"2021-01-26T19:34:55","slug":"apartment-b1","status":"publish","type":"page","link":"https:\/\/villamediteraneo.com\/hr\/apartment-b1\/","title":{"rendered":"Apartman B1"},"content":{"rendered":"<section class=\"wpb-content-wrapper\"><section class=\"vc_row wpb_row vc_row-fluid bg-light not-equal not-color vc_custom_1611657773489 vc_row-has-fill image-bg z-index not-parallax\"><div class=\"background-content\"><img decoding=\"async\" alt=\"background\" class=\"background-image\" src=\"https:\/\/villamediteraneo.com\/wp-content\/uploads\/2021\/01\/17498442_1509436029128312_2139070204063631127_n.jpg?id=9347\" \/><div  class=\"background-overlay\"><\/div><\/div><div class=\"container\"><div class=\"row\"><div class=\"wpb_column vc_column_container vc_col-sm-12\"><div class=\"vc_column-inner\"><div class=\"wpb_wrapper\"><div class=\"headings-title\"><div class=\"mb70 mb-xs-40 text-center\"><h5 style=\"color:#ffffff!important;text-transform: none!important;\" class=\"widgettitle\">istra\u017eite<\/h5><div class=\"divider-wrap\"><div class=\"tlg-divider\" style=\"\"><\/div><\/div><div style=\"color:#ffffff!important;font-size:55px;line-height:60px;text-transform: uppercase!important;\" class=\"widgetsubtitle\">Apartman B1<\/div><\/div><\/div><div class=\"vc_row wpb_row vc_inner vc_row-fluid\"><div class=\"wpb_column vc_column_container vc_col-sm-2\"><div class=\"vc_column-inner\"><div class=\"wpb_wrapper\"><\/div><\/div><\/div><div class=\"wpb_column vc_column_container vc_col-sm-2\"><div class=\"vc_column-inner\"><div class=\"wpb_wrapper\">\n\t<div  class=\"wpb_single_image wpb_content_element vc_align_center\">\n\t\t\n\t\t<figure class=\"wpb_wrapper vc_figure\">\n\t\t\t<div class=\"vc_single_image-wrapper   vc_box_border_grey\"><img loading=\"lazy\" decoding=\"async\" width=\"50\" height=\"51\" src=\"https:\/\/villamediteraneo.com\/wp-content\/uploads\/2021\/01\/box_white.png\" class=\"vc_single_image-img attachment-full\" alt=\"\" title=\"box_white\" \/><\/div>\n\t\t<\/figure>\n\t<\/div>\n\n\t<div class=\"wpb_text_column wpb_content_element\" >\n\t\t<div class=\"wpb_wrapper\">\n\t\t\t<h3 style=\"text-align: center;\"><span style=\"color: #ffffff;\">48 m\u00b2<\/span><\/h3>\n\n\t\t<\/div>\n\t<\/div>\n<\/div><\/div><\/div><div class=\"wpb_column vc_column_container vc_col-sm-2\"><div class=\"vc_column-inner\"><div class=\"wpb_wrapper\">\n\t<div  class=\"wpb_single_image wpb_content_element vc_align_center\">\n\t\t\n\t\t<figure class=\"wpb_wrapper vc_figure\">\n\t\t\t<div class=\"vc_single_image-wrapper   vc_box_border_grey\"><img loading=\"lazy\" decoding=\"async\" width=\"72\" height=\"50\" src=\"https:\/\/villamediteraneo.com\/wp-content\/uploads\/2021\/01\/family.png\" class=\"vc_single_image-img attachment-full\" alt=\"family\" title=\"family\" srcset=\"https:\/\/villamediteraneo.com\/wp-content\/uploads\/2021\/01\/family.png 72w, https:\/\/villamediteraneo.com\/wp-content\/uploads\/2021\/01\/family-16x12.png 16w\" sizes=\"auto, (max-width: 72px) 100vw, 72px\" \/><\/div>\n\t\t<\/figure>\n\t<\/div>\n\n\t<div class=\"wpb_text_column wpb_content_element\" >\n\t\t<div class=\"wpb_wrapper\">\n\t\t\t<h3 style=\"text-align: center;\"><span style=\"color: #ffffff;\">4 osobe<\/span><\/h3>\n\n\t\t<\/div>\n\t<\/div>\n<\/div><\/div><\/div><div class=\"wpb_column vc_column_container vc_col-sm-2\"><div class=\"vc_column-inner\"><div class=\"wpb_wrapper\">\n\t<div  class=\"wpb_single_image wpb_content_element vc_align_center\">\n\t\t\n\t\t<figure class=\"wpb_wrapper vc_figure\">\n\t\t\t<div class=\"vc_single_image-wrapper   vc_box_border_grey\"><img loading=\"lazy\" decoding=\"async\" width=\"62\" height=\"50\" src=\"https:\/\/villamediteraneo.com\/wp-content\/uploads\/2021\/01\/double-bed_white.png\" class=\"vc_single_image-img attachment-full\" alt=\"number of beds\" title=\"double-bed_white\" \/><\/div>\n\t\t<\/figure>\n\t<\/div>\n\n\t<div class=\"wpb_text_column wpb_content_element\" >\n\t\t<div class=\"wpb_wrapper\">\n\t\t\t<h3 style=\"text-align: center;\"><span style=\"color: #ffffff;\">2 kreveta<\/span><\/h3>\n\n\t\t<\/div>\n\t<\/div>\n<\/div><\/div><\/div><div class=\"wpb_column vc_column_container vc_col-sm-2\"><div class=\"vc_column-inner\"><div class=\"wpb_wrapper\">\n\t<div  class=\"wpb_single_image wpb_content_element vc_align_center\">\n\t\t\n\t\t<figure class=\"wpb_wrapper vc_figure\">\n\t\t\t<div class=\"vc_single_image-wrapper   vc_box_border_grey\"><img loading=\"lazy\" decoding=\"async\" width=\"68\" height=\"50\" src=\"https:\/\/villamediteraneo.com\/wp-content\/uploads\/2021\/01\/bathtub_white.png\" class=\"vc_single_image-img attachment-full\" alt=\"\" title=\"bathtub_white\" \/><\/div>\n\t\t<\/figure>\n\t<\/div>\n\n\t<div class=\"wpb_text_column wpb_content_element\" >\n\t\t<div class=\"wpb_wrapper\">\n\t\t\t<h3 style=\"text-align: center;\"><span style=\"color: #ffffff;\">1 kupaonica<\/span><\/h3>\n\n\t\t<\/div>\n\t<\/div>\n<\/div><\/div><\/div><div class=\"wpb_column vc_column_container vc_col-sm-2\"><div class=\"vc_column-inner\"><div class=\"wpb_wrapper\"><\/div><\/div><\/div><\/div><\/div><\/div><\/div><\/div><\/div><\/section><section class=\"vc_row wpb_row vc_row-fluid bg-light not-equal not-color vc_custom_1610912312889 vc_row-has-fill\"><div class=\"container\"><div class=\"row  vertical-flex\"><div class=\"wpb_column vc_column_container vc_col-sm-6\"><div class=\"vc_column-inner\"><div class=\"wpb_wrapper\"><div class=\"vc_row wpb_row vc_inner vc_row-fluid\"><div class=\"wpb_column vc_column_container vc_col-sm-12\"><div class=\"vc_column-inner\"><div class=\"wpb_wrapper\"><div class=\"headings-title\"><div class=\"mb16 mb-xs-40 text-left\"><h5  class=\"widgettitle\">Saznajte vi\u0161e<\/h5><div class=\"divider-wrap\"><div class=\"tlg-divider\" style=\"\"><\/div><\/div><div  class=\"widgetsubtitle\">O apartmanu<\/div><\/div><\/div>\n\t<div class=\"wpb_text_column wpb_content_element\" >\n\t\t<div class=\"wpb_wrapper\">\n\t\t\t<p>Apartman B1 mo\u017ee primiti 2-4 osobe, zapanjuju\u0107i balkon s pogledom na more na prvom katu ku\u0107e, samo nekoliko koraka od vrta uz obalu mora.<br \/>\n1 dvokrevetna soba izravno povezana s balkonom<br \/>\n1 kupaonica s tu\u0161 kabinom<br \/>\nveliki dnevni boravak s kau\u010dem na izvla\u010denje za dvije osobe po mjeri, potpuno opremljena kuhinja: mikrovalna pe\u0107nica, elektri\u010dna plo\u010da za kuhanje s 2 zone za kuhanje, aparat za kavu, kuhalo za vodu. Klima ure\u0111aj, LCD TV Sat, WI-FI, le\u017ealjke u kaskadnom vrtu. Perilica rublja u zajedni\u010dkom prostoru, parking sve uklju\u010deno u cijenu.<\/p>\n<p>Na istom katu apartman B2, 2 + 2, ako trebate biti od vrata do vrata svojim prijateljima ili obitelji.<\/p>\n\n\t\t<\/div>\n\t<\/div>\n<div class=\"text-\"><a  id=\"btn-69f62cf0de04e\" class=\"btn btn-filled btn-new ti-arrow-right btn-lg\" href= \"#\" target=\"_self\" >Rezervirajte sada<\/a><\/div><\/div><\/div><\/div><\/div><\/div><\/div><\/div><div class=\"wpb_column vc_column_container vc_col-sm-6 vc_col-has-fill\"><div class=\"vc_column-inner vc_custom_1610912197772\"><div class=\"wpb_wrapper\"><div class=\"headings-title\"><div class=\"mb16 mb-xs-40 text-left\"><div class=\"divider-wrap\"><div class=\"tlg-divider\" style=\"\"><\/div><\/div><div  class=\"widgetsubtitle\">SADR\u017dAJI STANA<\/div><\/div><\/div><div class=\"vc_row wpb_row vc_inner vc_row-fluid\"><div class=\"wpb_column vc_column_container vc_col-sm-4\"><div class=\"vc_column-inner\"><div class=\"wpb_wrapper\">\n\t<div class=\"wpb_text_column wpb_content_element\" >\n\t\t<div class=\"wpb_wrapper\">\n\t\t\t<p><i class=\"ti-check\" style=\"color: #c19b76;\"><\/i> <span class=\"\">Besplatne toaletne potrep\u0161tine<\/span><i class=\"ti-check\" style=\"color: #c19b76;\"><\/i><\/p>\n<p><i class=\"ti-check\" style=\"color: #c19b76;\"><\/i><span class=\"\">WC<\/span><\/p>\n<p><i class=\"ti-check\" style=\"color: #c19b76;\"><\/i><span class=\"\">Kada ili tu\u0161<\/span><\/p>\n<p><i class=\"ti-check\" style=\"color: #c19b76;\"><\/i><span class=\"\">Ru\u010dnici<\/span><\/p>\n<p><i class=\"ti-check\" style=\"color: #c19b76;\"><\/i><span class=\"\">Su\u0161ilo za kosu<\/span><\/p>\n<p><i class=\"ti-check\" style=\"color: #c19b76;\"><\/i><span class=\"\">Ru\u010dnici \/ Posteljina (uz nadoplatu)<\/span><\/p>\n<p><i class=\"ti-check\" style=\"color: #c19b76;\"><\/i><span class=\"\">Toaletni papir<\/span><\/p>\n<p><i class=\"ti-check\" style=\"color: #c19b76;\"><\/i><span class=\"\">pogled na more<\/span><\/p>\n<p><i class=\"ti-check\" style=\"color: #c19b76;\"><\/i><span class=\"\">Pogled na vrt<\/span><\/p>\n<p><i class=\"ti-check\" style=\"color: #c19b76;\"><\/i> <span class=\"\">gornji katovi dostupni isklju\u010divo stepenicama<\/span><\/p>\n<p><i class=\"ti-check\" style=\"color: #c19b76;\"><\/i><span class=\"\">Posteljina<\/span><\/p>\n<p><i class=\"ti-check\" style=\"color: #c19b76;\"><\/i><span class=\"\">Ekstra dugi kreveti (&gt; 6,5 ft)<\/span><\/p>\n<p><i class=\"ti-check\" style=\"color: #c19b76;\"><\/i><span class=\"\">Garderoba<\/span><\/p>\n<p><i class=\"ti-check\" style=\"color: #c19b76;\"><\/i><span class=\"\">Ormar<\/span><\/p>\n<p><i class=\"ti-check\" style=\"color: #c19b76;\"><\/i><span class=\"\">Privatni stan u zgradi<\/span><\/p>\n<p><i class=\"ti-check\" style=\"color: #c19b76;\"><\/i><span class=\"\">Aparat za \u010daj \/ kavu<\/span><\/p>\n\n\t\t<\/div>\n\t<\/div>\n<\/div><\/div><\/div><div class=\"wpb_column vc_column_container vc_col-sm-4\"><div class=\"vc_column-inner\"><div class=\"wpb_wrapper\">\n\t<div class=\"wpb_text_column wpb_content_element\" >\n\t\t<div class=\"wpb_wrapper\">\n\t\t\t<p><i class=\"ti-check\" style=\"color: #c19b76;\"><\/i><span class=\"\">Klimatizacija<\/span><\/p>\n<p><i class=\"ti-check\" style=\"color: #c19b76;\"><\/i><span class=\"\">Podovi od tvrdog drveta ili parketa<\/span><\/p>\n<p><i class=\"ti-check\" style=\"color: #c19b76;\"><\/i><span class=\"\">Poplo\u010dani \/ mramorni pod<\/span><\/p>\n<p><i class=\"ti-check\" style=\"color: #c19b76;\"><\/i><span class=\"\">Zvu\u010dna izolacija<\/span><\/p>\n<p><i class=\"ti-check\" style=\"color: #c19b76;\"><\/i><span class=\"\">Privatni ulaz<\/span><\/p>\n<p><i class=\"ti-check\" style=\"color: #c19b76;\"><\/i><span class=\"\">Gla\u010dalo i stol za gla\u010danje<\/span><\/p>\n<p><i class=\"ti-check\" style=\"color: #c19b76;\"><\/i><span class=\"\">Gla\u010dalo<\/span><\/p>\n<p><i class=\"ti-check\" style=\"color: #c19b76;\"><\/i><span class=\"\">Grijanje<\/span><\/p>\n<p><i class=\"ti-check\" style=\"color: #c19b76;\"><\/i><span class=\"\">Kuhinja<\/span><\/p>\n<p><i class=\"ti-check\" style=\"color: #c19b76;\"><\/i><span class=\"\">Perilica rublja<\/span><\/p>\n<p><i class=\"ti-check\" style=\"color: #c19b76;\"><\/i><span class=\"\">Sredstva za \u010di\u0161\u0107enje<\/span><\/p>\n<p><i class=\"ti-check\" style=\"color: #c19b76;\"><\/i><span class=\"\">Hladnjak<\/span><\/p>\n<p><i class=\"ti-check\" style=\"color: #c19b76;\"><\/i><span class=\"\">aparat za kavu<\/span><\/p>\n<p><i class=\"ti-check\" style=\"color: #c19b76;\"><\/i><span class=\"\">Mikrovalna pe\u0107nica<\/span><\/p>\n<p><i class=\"ti-check\" style=\"color: #c19b76;\"><\/i><span class=\"\">Kuhinjski pribor<\/span><\/p>\n<p><i class=\"ti-check\" style=\"color: #c19b76;\"><\/i><span class=\"\">Kuhalo za vodu<\/span><\/p>\n<p><i class=\"ti-check\" style=\"color: #c19b76;\"><\/i><span class=\"\">Plo\u010de za kuhanje<\/span><\/p>\n<p><i class=\"ti-check\" style=\"color: #c19b76;\"><\/i><span class=\"\">toster<\/span><\/p>\n\n\t\t<\/div>\n\t<\/div>\n<\/div><\/div><\/div><div class=\"wpb_column vc_column_container vc_col-sm-4\"><div class=\"vc_column-inner\"><div class=\"wpb_wrapper\">\n\t<div class=\"wpb_text_column wpb_content_element\" >\n\t\t<div class=\"wpb_wrapper\">\n\t\t\t<p><i class=\"ti-check\" style=\"color: #c19b76;\"><\/i><span class=\"\">Kuhinjski stol<\/span><\/p>\n<p><i class=\"ti-check\" style=\"color: #c19b76;\"><\/i><span class=\"\">Kau\u010d<\/span><\/p>\n<p><i class=\"ti-check\" style=\"color: #c19b76;\"><\/i><span class=\"\">Radni stol<\/span><\/p>\n<p><i class=\"ti-check\" style=\"color: #c19b76;\"><\/i><span class=\"\">Prostor za sjedenje<\/span><\/p>\n<p><i class=\"ti-check\" style=\"color: #c19b76;\"><\/i><span class=\"\">Blagovaonica<\/span><\/p>\n<p><i class=\"ti-check\" style=\"color: #c19b76;\"><\/i><span class=\"\">TV<\/span><\/p>\n<p><i class=\"ti-check\" style=\"color: #c19b76;\"><\/i><span class=\"\">Satelitski programi<\/span><\/p>\n<p><i class=\"ti-check\" style=\"color: #c19b76;\"><\/i><span class=\"\">TV ravnog ekrana<\/span><\/p>\n<p><i class=\"ti-check\" style=\"color: #c19b76;\"><\/i><span class=\"\">Balkon<\/span><\/p>\n<p><i class=\"ti-check\" style=\"color: #c19b76;\"><\/i><span class=\"\">Terasa<\/span><\/p>\n<p><i class=\"ti-check\" style=\"color: #c19b76;\"><\/i><span class=\"\">Vanjski namje\u0161taj<\/span><\/p>\n<p><i class=\"ti-check\" style=\"color: #c19b76;\"><\/i><span class=\"\">Poplo\u010dani dio dvori\u0161ta<\/span><\/p>\n<p><i class=\"ti-check\" style=\"color: #c19b76;\"><\/i><span class=\"\">Ro\u0161tilj<\/span><\/p>\n<p><i class=\"ti-check\" style=\"color: #c19b76;\"><\/i><span class=\"\">Stalak za odje\u0107u<\/span><\/p>\n<p><i class=\"ti-check\" style=\"color: #c19b76;\"><\/i><span class=\"\">Krevet na rasklapanje<\/span><\/p>\n<p><i class=\"ti-check\" style=\"color: #c19b76;\"><\/i><span class=\"\">Su\u0161ilo za rublje<\/span><\/p>\n<p><i class=\"ti-check\" style=\"color: #c19b76;\"><\/i><span class=\"\">Kau\u010d na rasklapanje<\/span><\/p>\n<p><i class=\"ti-check\" style=\"color: #c19b76;\"><\/i> <span class=\"\">Usluga bu\u0111enja<\/span><\/p>\n\n\t\t<\/div>\n\t<\/div>\n<\/div><\/div><\/div><\/div><\/div><\/div><\/div><\/div><\/div><\/section><div class=\"vc_row wpb_row vc_row-fluid bg-light not-equal not-color vc_custom_1610913830166 vc_row-has-fill\"><div class=\"\"><div class=\"row\"><div class=\"wpb_column vc_column_container vc_col-sm-12\"><div class=\"vc_column-inner\"><div class=\"wpb_wrapper\"><div class=\"headings-title\"><div class=\"mb16 mb-xs-40 text-center\"><h5  class=\"widgettitle\">istra\u017eite<\/h5><div class=\"divider-wrap\"><div class=\"tlg-divider\" style=\"\"><\/div><\/div><div  class=\"widgetsubtitle\">Galeriju<\/div><\/div><\/div><\/div><\/div><\/div><\/div><\/div><\/div><div class=\"vc_row wpb_row vc_row-fluid bg-light not-equal not-color\"><div class=\"\"><div class=\"row\"><div class=\"wpb_column vc_column_container vc_col-sm-12\"><div class=\"vc_column-inner\"><div class=\"wpb_wrapper\">\n\t<div class=\"wpb_text_column wpb_content_element\" >\n\t\t<div class=\"wpb_wrapper\">\n\t\t\t<style type=\"text\/css\">\n#foogallery-gallery-9595.fg-justified .fg-item { margin-right: 2px; margin-bottom: 2px; }\n#foogallery-gallery-9595.fg-justified .fg-image { height: 300px; }<\/style>\n\t\t\t<div class=\"foogallery foogallery-container foogallery-justified foogallery-lightbox-foobox fg-justified fg-ready fg-light fg-shadow-outline fg-loading-default fg-loaded-fade-in fg-hover-fade fg-hover-zoom2\" id=\"foogallery-gallery-9595\" data-foogallery=\"{&quot;item&quot;:{&quot;showCaptionTitle&quot;:true,&quot;showCaptionDescription&quot;:false},&quot;lazy&quot;:true,&quot;template&quot;:{&quot;rowHeight&quot;:300,&quot;maxRowHeight&quot;:450,&quot;margins&quot;:2,&quot;align&quot;:&quot;center&quot;,&quot;lastRow&quot;:&quot;smart&quot;}}\" style=\"--fg-title-line-clamp: 0; --fg-description-line-clamp: 0;\" >\n\t<div class=\"fg-item fg-type-image fg-idle\"><figure class=\"fg-item-inner\"><a href=\"https:\/\/villamediteraneo.com\/wp-content\/uploads\/2021\/01\/17436100_1509436879128227_3704149286353822509_o-1.jpg\" data-attachment-id=\"9602\" data-type=\"image\" class=\"fg-thumb\"><span class=\"fg-image-wrap\"><img fetchpriority=\"high\" decoding=\"async\" height=\"450\" width=\"600\" class=\"skip-lazy fg-image\" data-src-fg=\"https:\/\/villamediteraneo.com\/wp-content\/uploads\/cache\/2021\/01\/17436100_1509436879128227_3704149286353822509_o-1\/91069832.jpg\" src=\"data:image\/svg+xml,%3Csvg%20xmlns%3D%22http%3A%2F%2Fwww.w3.org%2F2000%2Fsvg%22%20width%3D%22600%22%20height%3D%22450%22%20viewBox%3D%220%200%20600%20450%22%3E%3C%2Fsvg%3E\" loading=\"eager\"><\/span><span class=\"fg-image-overlay\"><\/span><\/a><\/figure><div class=\"fg-loader\"><\/div><\/div><div class=\"fg-item fg-type-image fg-idle\"><figure class=\"fg-item-inner\"><a href=\"https:\/\/villamediteraneo.com\/wp-content\/uploads\/2021\/01\/17457364_1509463395792242_157106765623023904_n-3.jpg\" data-attachment-id=\"9604\" data-type=\"image\" class=\"fg-thumb\"><span class=\"fg-image-wrap\"><img decoding=\"async\" height=\"450\" width=\"676.69172932331\" class=\"skip-lazy fg-image\" data-src-fg=\"https:\/\/villamediteraneo.com\/wp-content\/uploads\/2021\/01\/17457364_1509463395792242_157106765623023904_n-3.jpg\" src=\"data:image\/svg+xml,%3Csvg%20xmlns%3D%22http%3A%2F%2Fwww.w3.org%2F2000%2Fsvg%22%20width%3D%22676.69172932331%22%20height%3D%22450%22%20viewBox%3D%220%200%20676.69172932331%20450%22%3E%3C%2Fsvg%3E\" loading=\"eager\"><\/span><span class=\"fg-image-overlay\"><\/span><\/a><\/figure><div class=\"fg-loader\"><\/div><\/div><div class=\"fg-item fg-type-image fg-idle\"><figure class=\"fg-item-inner\"><a href=\"https:\/\/villamediteraneo.com\/wp-content\/uploads\/2021\/01\/17498442_1509436029128312_2139070204063631127_n-2.jpg\" data-attachment-id=\"9605\" data-type=\"image\" class=\"fg-thumb\"><span class=\"fg-image-wrap\"><img decoding=\"async\" height=\"450\" width=\"676.69172932331\" class=\"skip-lazy fg-image\" data-src-fg=\"https:\/\/villamediteraneo.com\/wp-content\/uploads\/2021\/01\/17498442_1509436029128312_2139070204063631127_n-2.jpg\" src=\"data:image\/svg+xml,%3Csvg%20xmlns%3D%22http%3A%2F%2Fwww.w3.org%2F2000%2Fsvg%22%20width%3D%22676.69172932331%22%20height%3D%22450%22%20viewBox%3D%220%200%20676.69172932331%20450%22%3E%3C%2Fsvg%3E\" loading=\"eager\"><\/span><span class=\"fg-image-overlay\"><\/span><\/a><\/figure><div class=\"fg-loader\"><\/div><\/div><div class=\"fg-item fg-type-image fg-idle\"><figure class=\"fg-item-inner\"><a href=\"https:\/\/villamediteraneo.com\/wp-content\/uploads\/2021\/01\/17505325_1509462819125633_8442395231397648003_o-1.jpg\" data-attachment-id=\"9608\" data-type=\"image\" class=\"fg-thumb\"><span class=\"fg-image-wrap\"><img decoding=\"async\" height=\"450\" width=\"600\" class=\"skip-lazy fg-image\" data-src-fg=\"https:\/\/villamediteraneo.com\/wp-content\/uploads\/cache\/2021\/01\/17505325_1509462819125633_8442395231397648003_o-1\/849584829.jpg\" src=\"data:image\/svg+xml,%3Csvg%20xmlns%3D%22http%3A%2F%2Fwww.w3.org%2F2000%2Fsvg%22%20width%3D%22600%22%20height%3D%22450%22%20viewBox%3D%220%200%20600%20450%22%3E%3C%2Fsvg%3E\" loading=\"eager\"><\/span><span class=\"fg-image-overlay\"><\/span><\/a><\/figure><div class=\"fg-loader\"><\/div><\/div><div class=\"fg-item fg-type-image fg-idle\"><figure class=\"fg-item-inner\"><a href=\"https:\/\/villamediteraneo.com\/wp-content\/uploads\/2021\/01\/17554474_1509435572461691_1884151106383640436_n-1.jpg\" data-attachment-id=\"9610\" data-type=\"image\" class=\"fg-thumb\"><span class=\"fg-image-wrap\"><img decoding=\"async\" height=\"450\" width=\"450\" class=\"skip-lazy fg-image\" data-src-fg=\"https:\/\/villamediteraneo.com\/wp-content\/uploads\/cache\/2021\/01\/17554474_1509435572461691_1884151106383640436_n-1\/2644562227.jpg\" src=\"data:image\/svg+xml,%3Csvg%20xmlns%3D%22http%3A%2F%2Fwww.w3.org%2F2000%2Fsvg%22%20width%3D%22450%22%20height%3D%22450%22%20viewBox%3D%220%200%20450%20450%22%3E%3C%2Fsvg%3E\" loading=\"eager\"><\/span><span class=\"fg-image-overlay\"><\/span><\/a><\/figure><div class=\"fg-loader\"><\/div><\/div><div class=\"fg-item fg-type-image fg-idle\"><figure class=\"fg-item-inner\"><a href=\"https:\/\/villamediteraneo.com\/wp-content\/uploads\/2021\/01\/17636787_1509462255792356_5870523604902475509_o-1.jpg\" data-attachment-id=\"9611\" data-type=\"image\" class=\"fg-thumb\"><span class=\"fg-image-wrap\"><img decoding=\"async\" height=\"450\" width=\"338\" class=\"skip-lazy fg-image\" data-src-fg=\"https:\/\/villamediteraneo.com\/wp-content\/uploads\/cache\/2021\/01\/17636787_1509462255792356_5870523604902475509_o-1\/1044090569.jpg\" src=\"data:image\/svg+xml,%3Csvg%20xmlns%3D%22http%3A%2F%2Fwww.w3.org%2F2000%2Fsvg%22%20width%3D%22338%22%20height%3D%22450%22%20viewBox%3D%220%200%20338%20450%22%3E%3C%2Fsvg%3E\" loading=\"eager\"><\/span><span class=\"fg-image-overlay\"><\/span><\/a><\/figure><div class=\"fg-loader\"><\/div><\/div><div class=\"fg-item fg-type-image fg-idle\"><figure class=\"fg-item-inner\"><a href=\"https:\/\/villamediteraneo.com\/wp-content\/uploads\/2021\/01\/104539470_4217646251640596_8966549012470960753_n-1.jpg\" data-attachment-id=\"9612\" data-type=\"image\" class=\"fg-thumb\"><span class=\"fg-image-wrap\"><img decoding=\"async\" height=\"450\" width=\"300\" class=\"skip-lazy fg-image\" data-src-fg=\"https:\/\/villamediteraneo.com\/wp-content\/uploads\/cache\/2021\/01\/104539470_4217646251640596_8966549012470960753_n-1\/3251200463.jpg\" src=\"data:image\/svg+xml,%3Csvg%20xmlns%3D%22http%3A%2F%2Fwww.w3.org%2F2000%2Fsvg%22%20width%3D%22300%22%20height%3D%22450%22%20viewBox%3D%220%200%20300%20450%22%3E%3C%2Fsvg%3E\" loading=\"eager\"><\/span><span class=\"fg-image-overlay\"><\/span><\/a><\/figure><div class=\"fg-loader\"><\/div><\/div><\/div>\n\n\n\t\t<\/div>\n\t<\/div>\n<\/div><\/div><\/div><\/div><\/div><\/div>\n<\/section>","protected":false},"excerpt":{"rendered":"exploreApartment B1 48 m\u00b2 4 Persons 2 Beds 1 Bathroom Learn MoreAbout This Apartment Apartment B1 can accommodate 2-4 persons, stunning sea view balcony on the first floor of the house, just a few steps from the seafront garden. 1 double bedroom direct connected to the balcony 1 bathroom with shower box large living room...","protected":false},"author":1,"featured_media":0,"parent":0,"menu_order":0,"comment_status":"closed","ping_status":"closed","template":"","meta":{"footnotes":""},"class_list":["post-9025","page","type-page","status-publish","hentry"],"yoast_head":"<!-- This site is optimized with the Yoast SEO plugin v27.0 - https:\/\/yoast.com\/product\/yoast-seo-wordpress\/ -->\n<title>Apartment B1 - Villa Mediterraneo<\/title>\n<meta name=\"robots\" content=\"index, follow, max-snippet:-1, max-image-preview:large, max-video-preview:-1\" \/>\n<link rel=\"canonical\" href=\"https:\/\/villamediteraneo.com\/hr\/apartment-b1\/\" \/>\n<meta property=\"og:locale\" content=\"hr_HR\" \/>\n<meta property=\"og:type\" content=\"article\" \/>\n<meta property=\"og:title\" content=\"Apartment B1 - Villa Mediterraneo\" \/>\n<meta property=\"og:url\" content=\"https:\/\/villamediteraneo.com\/hr\/apartment-b1\/\" \/>\n<meta property=\"og:site_name\" content=\"Villa Mediterraneo\" \/>\n<meta property=\"article:publisher\" content=\"https:\/\/www.facebook.com\/MediteraneoKomarna\/\" \/>\n<meta property=\"article:modified_time\" content=\"2021-01-26T19:34:55+00:00\" \/>\n<meta name=\"twitter:card\" content=\"summary_large_image\" \/>\n<meta name=\"twitter:label1\" content=\"Procijenjeno vrijeme \u010ditanja\" \/>\n\t<meta name=\"twitter:data1\" content=\"3 minute\" \/>\n<script type=\"application\/ld+json\" class=\"yoast-schema-graph\">{\"@context\":\"https:\/\/schema.org\",\"@graph\":[{\"@type\":\"WebPage\",\"@id\":\"https:\/\/villamediteraneo.com\/hr\/apartment-b1\/\",\"url\":\"https:\/\/villamediteraneo.com\/hr\/apartment-b1\/\",\"name\":\"Apartment B1 - Villa Mediterraneo\",\"isPartOf\":{\"@id\":\"http:\/\/villamediteraneo.com\/hr\/#website\"},\"datePublished\":\"2021-01-17T21:09:41+00:00\",\"dateModified\":\"2021-01-26T19:34:55+00:00\",\"breadcrumb\":{\"@id\":\"https:\/\/villamediteraneo.com\/hr\/apartment-b1\/#breadcrumb\"},\"inLanguage\":\"hr\",\"potentialAction\":[{\"@type\":\"ReadAction\",\"target\":[\"https:\/\/villamediteraneo.com\/hr\/apartment-b1\/\"]}]},{\"@type\":\"BreadcrumbList\",\"@id\":\"https:\/\/villamediteraneo.com\/hr\/apartment-b1\/#breadcrumb\",\"itemListElement\":[{\"@type\":\"ListItem\",\"position\":1,\"name\":\"Home\",\"item\":\"http:\/\/villamediteraneo.com\/hr\/\"},{\"@type\":\"ListItem\",\"position\":2,\"name\":\"Apartment B1\"}]},{\"@type\":\"WebSite\",\"@id\":\"http:\/\/villamediteraneo.com\/hr\/#website\",\"url\":\"http:\/\/villamediteraneo.com\/hr\/\",\"name\":\"Villa Mediterraneo\",\"description\":\"Villa Mediterraneo terrazzo vista mare\",\"potentialAction\":[{\"@type\":\"SearchAction\",\"target\":{\"@type\":\"EntryPoint\",\"urlTemplate\":\"http:\/\/villamediteraneo.com\/hr\/?s={search_term_string}\"},\"query-input\":{\"@type\":\"PropertyValueSpecification\",\"valueRequired\":true,\"valueName\":\"search_term_string\"}}],\"inLanguage\":\"hr\"}]}<\/script>\n<!-- \/ Yoast SEO plugin. -->","yoast_head_json":{"title":"Apartment B1 - Villa Mediterraneo","robots":{"index":"index","follow":"follow","max-snippet":"max-snippet:-1","max-image-preview":"max-image-preview:large","max-video-preview":"max-video-preview:-1"},"canonical":"https:\/\/villamediteraneo.com\/hr\/apartment-b1\/","og_locale":"hr_HR","og_type":"article","og_title":"Apartment B1 - Villa Mediterraneo","og_url":"https:\/\/villamediteraneo.com\/hr\/apartment-b1\/","og_site_name":"Villa Mediterraneo","article_publisher":"https:\/\/www.facebook.com\/MediteraneoKomarna\/","article_modified_time":"2021-01-26T19:34:55+00:00","twitter_card":"summary_large_image","twitter_misc":{"Procijenjeno vrijeme \u010ditanja":"3 minute"},"schema":{"@context":"https:\/\/schema.org","@graph":[{"@type":"WebPage","@id":"https:\/\/villamediteraneo.com\/hr\/apartment-b1\/","url":"https:\/\/villamediteraneo.com\/hr\/apartment-b1\/","name":"Apartment B1 - Villa Mediterraneo","isPartOf":{"@id":"http:\/\/villamediteraneo.com\/hr\/#website"},"datePublished":"2021-01-17T21:09:41+00:00","dateModified":"2021-01-26T19:34:55+00:00","breadcrumb":{"@id":"https:\/\/villamediteraneo.com\/hr\/apartment-b1\/#breadcrumb"},"inLanguage":"hr","potentialAction":[{"@type":"ReadAction","target":["https:\/\/villamediteraneo.com\/hr\/apartment-b1\/"]}]},{"@type":"BreadcrumbList","@id":"https:\/\/villamediteraneo.com\/hr\/apartment-b1\/#breadcrumb","itemListElement":[{"@type":"ListItem","position":1,"name":"Home","item":"http:\/\/villamediteraneo.com\/hr\/"},{"@type":"ListItem","position":2,"name":"Apartment B1"}]},{"@type":"WebSite","@id":"http:\/\/villamediteraneo.com\/hr\/#website","url":"http:\/\/villamediteraneo.com\/hr\/","name":"Villa Mediterraneo","description":"Villa Mediterraneo terrazzo vista mare","potentialAction":[{"@type":"SearchAction","target":{"@type":"EntryPoint","urlTemplate":"http:\/\/villamediteraneo.com\/hr\/?s={search_term_string}"},"query-input":{"@type":"PropertyValueSpecification","valueRequired":true,"valueName":"search_term_string"}}],"inLanguage":"hr"}]}},"_links":{"self":[{"href":"https:\/\/villamediteraneo.com\/hr\/wp-json\/wp\/v2\/pages\/9025","targetHints":{"allow":["GET"]}}],"collection":[{"href":"https:\/\/villamediteraneo.com\/hr\/wp-json\/wp\/v2\/pages"}],"about":[{"href":"https:\/\/villamediteraneo.com\/hr\/wp-json\/wp\/v2\/types\/page"}],"author":[{"embeddable":true,"href":"https:\/\/villamediteraneo.com\/hr\/wp-json\/wp\/v2\/users\/1"}],"replies":[{"embeddable":true,"href":"https:\/\/villamediteraneo.com\/hr\/wp-json\/wp\/v2\/comments?post=9025"}],"version-history":[{"count":10,"href":"https:\/\/villamediteraneo.com\/hr\/wp-json\/wp\/v2\/pages\/9025\/revisions"}],"predecessor-version":[{"id":9614,"href":"https:\/\/villamediteraneo.com\/hr\/wp-json\/wp\/v2\/pages\/9025\/revisions\/9614"}],"wp:attachment":[{"href":"https:\/\/villamediteraneo.com\/hr\/wp-json\/wp\/v2\/media?parent=9025"}],"curies":[{"name":"wp","href":"https:\/\/api.w.org\/{rel}","templated":true}]}}