{"id":3,"date":"2021-01-13T21:11:26","date_gmt":"2021-01-13T21:11:26","guid":{"rendered":"https:\/\/villamediteraneo.com\/?page_id=3"},"modified":"2021-01-26T20:30:09","modified_gmt":"2021-01-26T20:30:09","slug":"privacy-policy","status":"publish","type":"page","link":"https:\/\/villamediteraneo.com\/hr\/privacy-policy\/","title":{"rendered":"Pravila o privatnosti"},"content":{"rendered":"<h2 class=\"wp-block-heading\">Tko smo mi<\/h2>\r\n\r\n\r\n\r\n<p>Adresa na\u0161eg web mjesta je: https:\/\/villamediteraneo.com.<\/p>\r\n\r\n\r\n\r\n<h2 class=\"wp-block-heading\">Koje osobne podatke prikupljamo i za\u0161to ih prikupljamo<\/h2>\r\n\r\n\r\n\r\n<h3 class=\"wp-block-heading\">Komentari<\/h3>\r\n\r\n\r\n\r\n<p>Kada posjetitelji ostavljaju komentare na web mjestu, prikupljamo podatke prikazane u obrascu za komentare, a tako\u0111er i IP adresu posjetitelja i niz korisni\u010dkih agenata preglednika za pomo\u0107 u otkrivanju ne\u017eeljene po\u0161te.<\/p>\r\n\r\n\r\n\r\n<p>Anonimizirani niz stvoren iz va\u0161e adrese e-po\u0161te (koji se naziva i hash) mo\u017ee se pru\u017eiti usluzi Gravatar kako bi provjerio koristite li je. Pravila o privatnosti usluge Gravatar dostupna su ovdje: https:\/\/automattic.com\/privacy\/. Nakon odobrenja va\u0161eg komentara, va\u0161a profilna slika vidljiva je javnosti u kontekstu va\u0161eg komentara.<\/p>\r\n\r\n\r\n\r\n<h3 class=\"wp-block-heading\">Mediji<\/h3>\r\n\r\n\r\n\r\n<p>Ako slike prenosite na web mjesto, izbjegavajte prijenos slika s ugra\u0111enim podacima o lokaciji (EXIF GPS). Posjetitelji web stranice mogu preuzeti i izvu\u0107i podatke o lokaciji sa slika na web mjestu.<\/p>\r\n\r\n\r\n\r\n<h3 class=\"wp-block-heading\">Obrasci za kontakt<\/h3>\r\n\r\n\r\n\r\n<h3 class=\"wp-block-heading\">Kola\u010di\u0107i<\/h3>\r\n\r\n\r\n\r\n<p>Ako ostavite komentar na na\u0161oj web stranici, mo\u017eete se odlu\u010diti za spremanje svog imena, adrese e-po\u0161te i web mjesta u kola\u010di\u0107e. Ovo je za va\u0161u udobnost kako ne biste morali ponovno popunjavati svoje podatke kad ostavite novi komentar. Ovi \u0107e kola\u010di\u0107i trajati godinu dana.<\/p>\r\n\r\n\r\n\r\n<p>Ako posjetite na\u0161u stranicu za prijavu, postavit \u0107emo privremeni kola\u010di\u0107 kako bismo utvrdili prihva\u0107a li va\u0161 preglednik kola\u010di\u0107e. Ovaj kola\u010di\u0107 ne sadr\u017ei osobne podatke i odbacuje se kada zatvorite preglednik.<\/p>\r\n\r\n\r\n\r\n<p>Kada se prijavite, tako\u0111er \u0107emo postaviti nekoliko kola\u010di\u0107a za spremanje va\u0161ih podataka za prijavu i izbora prikaza na zaslonu. Kola\u010di\u0107i za prijavu traju dva dana, a kola\u010di\u0107i s opcijama zaslona traju godinu dana. Ako odaberete \"Remember Me\", va\u0161a prijava trajat \u0107e dva tjedna. Ako se odjavite sa svog ra\u010duna, kola\u010di\u0107i za prijavu bit \u0107e uklonjeni.<\/p>\r\n\r\n\r\n\r\n<p>Ako uredite ili objavite \u010dlanak, dodatni \u0107e se kola\u010di\u0107 spremiti u va\u0161 preglednik. Ovaj kola\u010di\u0107 ne uklju\u010duje osobne podatke i jednostavno ukazuje na ID posta \u010dlanka koji ste upravo uredili. Istje\u010de nakon 1 dana.<\/p>\r\n\r\n\r\n\r\n<h3 class=\"wp-block-heading\">Ugra\u0111eni sadr\u017eaj s drugih web mjesta<\/h3>\r\n\r\n\r\n\r\n<p>\u010clanci na ovom web mjestu mogu sadr\u017eavati ugra\u0111eni sadr\u017eaj (npr. Videozapise, slike, \u010dlanke itd.). Ugra\u0111eni sadr\u017eaj s drugih web mjesta pona\u0161a se na potpuno isti na\u010din kao da je posjetitelj posjetio drugo web mjesto.<\/p>\r\n\r\n\r\n\r\n<p>Te web stranice mogu prikupljati podatke o vama, koristiti kola\u010di\u0107e, ugra\u0111ivati dodatno pra\u0107enje tre\u0107e strane i nadzirati va\u0161u interakciju s tim ugra\u0111enim sadr\u017eajem, uklju\u010duju\u0107i pra\u0107enje va\u0161e interakcije s ugra\u0111enim sadr\u017eajem ako imate ra\u010dun i ako ste prijavljeni na to web mjesto.<\/p>\r\n\r\n\r\n\r\n<h3 class=\"wp-block-heading\">Analitika<\/h3>\r\n\r\n\r\n\r\n<h2 class=\"wp-block-heading\">S kime dijelimo va\u0161e podatke<\/h2>\r\n\r\n\r\n\r\n<p>Ako zatra\u017eite poni\u0161tavanje lozinke, va\u0161a \u0107e se IP adresa nalaziti u e-poruci za poni\u0161tavanje.<\/p>\r\n\r\n\r\n\r\n<h2 class=\"wp-block-heading\">Koliko dugo zadr\u017eavamo va\u0161e podatke<\/h2>\r\n\r\n\r\n\r\n<p>Ako ostavite komentar, komentar i njegovi metapodaci zadr\u017eavaju se na neodre\u0111eno vrijeme. To je tako da automatski mo\u017eemo prepoznati i odobriti sve daljnje komentare umjesto da ih dr\u017eimo u redu za umjeravanje.<\/p>\r\n\r\n\r\n\r\n<p>Za korisnike koji se registriraju na na\u0161em web mjestu (ako ih ima), tako\u0111er pohranjujemo osobne podatke koje daju u svom korisni\u010dkom profilu. Svi korisnici mogu u bilo kojem trenutku vidjeti, urediti ili izbrisati svoje osobne podatke (osim \u0161to ne mogu promijeniti korisni\u010dko ime). Administratori web stranica tako\u0111er mogu vidjeti i urediti te podatke.<\/p>\r\n\r\n\r\n\r\n<h2 class=\"wp-block-heading\">Koja prava imate nad svojim podacima<\/h2>\r\n\r\n\r\n\r\n<p>Ako na ovom mjestu imate ra\u010dun ili ste ostavili komentare, mo\u017eete zatra\u017eiti primanje izvezene datoteke osobnih podataka koje posjedujemo o vama, uklju\u010duju\u0107i sve podatke koje ste nam dostavili. Tako\u0111er mo\u017eete zatra\u017eiti da izbri\u0161emo sve osobne podatke koje imamo o vama. To ne uklju\u010duje podatke koje smo obvezni \u010duvati u administrativne, pravne ili sigurnosne svrhe.<\/p>\r\n\r\n\r\n\r\n<h2 class=\"wp-block-heading\">Gdje \u0161aljemo va\u0161e podatke<\/h2>\r\n\r\n\r\n\r\n<p>Komentari posjetitelja mogu se provjeriti putem automatizirane usluge otkrivanja ne\u017eeljene po\u0161te.<\/p>\r\n\r\n\r\n\r\n<h2 class=\"wp-block-heading\">Va\u0161i podaci za kontakt<\/h2>\r\n\r\n\r\n\r\n<h2 class=\"wp-block-heading\">Dodatne informacije<\/h2>\r\n\r\n\r\n\r\n<h3 class=\"wp-block-heading\">Kako \u0161titimo va\u0161e podatke<\/h3>\r\n\r\n\r\n\r\n<h3 class=\"wp-block-heading\">Koje postupke kr\u0161enja podataka imamo na snazi<\/h3>\r\n\r\n\r\n\r\n<h3 class=\"wp-block-heading\">Od kojih tre\u0107ih strana dobivamo podatke<\/h3>\r\n\r\n\r\n\r\n<h3 class=\"wp-block-heading\">\u0160to automatizirano dono\u0161enje odluka i \/ ili profiliranje radimo s korisni\u010dkim podacima<\/h3>\r\n\r\n\r\n\r\n<h3 class=\"wp-block-heading\">Zahtjevi za otkrivanjem regulatornih propisa<\/h3>","protected":false},"excerpt":{"rendered":"<p>Who we are Our website address is: https:\/\/villamediteraneo.com. What personal data we collect and why we collect it Comments When visitors leave comments on the site we collect the data shown in the comments form, and also the visitor\u2019s IP address and browser user agent string to help spam detection. An anonymized string created from&#8230;<\/p>","protected":false},"author":1,"featured_media":0,"parent":0,"menu_order":0,"comment_status":"closed","ping_status":"open","template":"","meta":{"footnotes":""},"class_list":["post-3","page","type-page","status-publish","hentry"],"yoast_head":"<!-- This site is optimized with the Yoast SEO plugin v27.0 - https:\/\/yoast.com\/product\/yoast-seo-wordpress\/ -->\n<title>Privacy Policy - Villa Mediterraneo<\/title>\n<meta name=\"robots\" content=\"index, follow, max-snippet:-1, max-image-preview:large, max-video-preview:-1\" \/>\n<link rel=\"canonical\" href=\"http:\/\/villamediteraneo.com\/hr\/privacy-policy\/\" \/>\n<meta property=\"og:locale\" content=\"hr_HR\" \/>\n<meta property=\"og:type\" content=\"article\" \/>\n<meta property=\"og:title\" content=\"Privacy Policy - Villa Mediterraneo\" \/>\n<meta property=\"og:description\" content=\"Who we are Our website address is: https:\/\/villamediteraneo.com. What personal data we collect and why we collect it Comments When visitors leave comments on the site we collect the data shown in the comments form, and also the visitor\u2019s IP address and browser user agent string to help spam detection. An anonymized string created from...\" \/>\n<meta property=\"og:url\" content=\"http:\/\/villamediteraneo.com\/hr\/privacy-policy\/\" \/>\n<meta property=\"og:site_name\" content=\"Villa Mediterraneo\" \/>\n<meta property=\"article:publisher\" content=\"https:\/\/www.facebook.com\/MediteraneoKomarna\/\" \/>\n<meta property=\"article:modified_time\" content=\"2021-01-26T20:30:09+00:00\" \/>\n<meta name=\"twitter:card\" content=\"summary_large_image\" \/>\n<meta name=\"twitter:label1\" content=\"Procijenjeno vrijeme \u010ditanja\" \/>\n\t<meta name=\"twitter:data1\" content=\"3 minute\" \/>\n<script type=\"application\/ld+json\" class=\"yoast-schema-graph\">{\"@context\":\"https:\/\/schema.org\",\"@graph\":[{\"@type\":\"WebPage\",\"@id\":\"http:\/\/villamediteraneo.com\/hr\/privacy-policy\/\",\"url\":\"http:\/\/villamediteraneo.com\/hr\/privacy-policy\/\",\"name\":\"Privacy Policy - Villa Mediterraneo\",\"isPartOf\":{\"@id\":\"http:\/\/villamediteraneo.com\/hr\/#website\"},\"datePublished\":\"2021-01-13T21:11:26+00:00\",\"dateModified\":\"2021-01-26T20:30:09+00:00\",\"breadcrumb\":{\"@id\":\"http:\/\/villamediteraneo.com\/hr\/privacy-policy\/#breadcrumb\"},\"inLanguage\":\"hr\",\"potentialAction\":[{\"@type\":\"ReadAction\",\"target\":[\"http:\/\/villamediteraneo.com\/hr\/privacy-policy\/\"]}]},{\"@type\":\"BreadcrumbList\",\"@id\":\"http:\/\/villamediteraneo.com\/hr\/privacy-policy\/#breadcrumb\",\"itemListElement\":[{\"@type\":\"ListItem\",\"position\":1,\"name\":\"Home\",\"item\":\"http:\/\/villamediteraneo.com\/hr\/\"},{\"@type\":\"ListItem\",\"position\":2,\"name\":\"Privacy Policy\"}]},{\"@type\":\"WebSite\",\"@id\":\"http:\/\/villamediteraneo.com\/hr\/#website\",\"url\":\"http:\/\/villamediteraneo.com\/hr\/\",\"name\":\"Villa Mediterraneo\",\"description\":\"Villa Mediterraneo terrazzo vista mare\",\"potentialAction\":[{\"@type\":\"SearchAction\",\"target\":{\"@type\":\"EntryPoint\",\"urlTemplate\":\"http:\/\/villamediteraneo.com\/hr\/?s={search_term_string}\"},\"query-input\":{\"@type\":\"PropertyValueSpecification\",\"valueRequired\":true,\"valueName\":\"search_term_string\"}}],\"inLanguage\":\"hr\"}]}<\/script>\n<!-- \/ Yoast SEO plugin. -->","yoast_head_json":{"title":"Privacy Policy - Villa Mediterraneo","robots":{"index":"index","follow":"follow","max-snippet":"max-snippet:-1","max-image-preview":"max-image-preview:large","max-video-preview":"max-video-preview:-1"},"canonical":"http:\/\/villamediteraneo.com\/hr\/privacy-policy\/","og_locale":"hr_HR","og_type":"article","og_title":"Privacy Policy - Villa Mediterraneo","og_description":"Who we are Our website address is: https:\/\/villamediteraneo.com. What personal data we collect and why we collect it Comments When visitors leave comments on the site we collect the data shown in the comments form, and also the visitor\u2019s IP address and browser user agent string to help spam detection. An anonymized string created from...","og_url":"http:\/\/villamediteraneo.com\/hr\/privacy-policy\/","og_site_name":"Villa Mediterraneo","article_publisher":"https:\/\/www.facebook.com\/MediteraneoKomarna\/","article_modified_time":"2021-01-26T20:30:09+00:00","twitter_card":"summary_large_image","twitter_misc":{"Procijenjeno vrijeme \u010ditanja":"3 minute"},"schema":{"@context":"https:\/\/schema.org","@graph":[{"@type":"WebPage","@id":"http:\/\/villamediteraneo.com\/hr\/privacy-policy\/","url":"http:\/\/villamediteraneo.com\/hr\/privacy-policy\/","name":"Privacy Policy - Villa Mediterraneo","isPartOf":{"@id":"http:\/\/villamediteraneo.com\/hr\/#website"},"datePublished":"2021-01-13T21:11:26+00:00","dateModified":"2021-01-26T20:30:09+00:00","breadcrumb":{"@id":"http:\/\/villamediteraneo.com\/hr\/privacy-policy\/#breadcrumb"},"inLanguage":"hr","potentialAction":[{"@type":"ReadAction","target":["http:\/\/villamediteraneo.com\/hr\/privacy-policy\/"]}]},{"@type":"BreadcrumbList","@id":"http:\/\/villamediteraneo.com\/hr\/privacy-policy\/#breadcrumb","itemListElement":[{"@type":"ListItem","position":1,"name":"Home","item":"http:\/\/villamediteraneo.com\/hr\/"},{"@type":"ListItem","position":2,"name":"Privacy Policy"}]},{"@type":"WebSite","@id":"http:\/\/villamediteraneo.com\/hr\/#website","url":"http:\/\/villamediteraneo.com\/hr\/","name":"Villa Mediterraneo","description":"Villa Mediterraneo terrazzo vista mare","potentialAction":[{"@type":"SearchAction","target":{"@type":"EntryPoint","urlTemplate":"http:\/\/villamediteraneo.com\/hr\/?s={search_term_string}"},"query-input":{"@type":"PropertyValueSpecification","valueRequired":true,"valueName":"search_term_string"}}],"inLanguage":"hr"}]}},"_links":{"self":[{"href":"https:\/\/villamediteraneo.com\/hr\/wp-json\/wp\/v2\/pages\/3","targetHints":{"allow":["GET"]}}],"collection":[{"href":"https:\/\/villamediteraneo.com\/hr\/wp-json\/wp\/v2\/pages"}],"about":[{"href":"https:\/\/villamediteraneo.com\/hr\/wp-json\/wp\/v2\/types\/page"}],"author":[{"embeddable":true,"href":"https:\/\/villamediteraneo.com\/hr\/wp-json\/wp\/v2\/users\/1"}],"replies":[{"embeddable":true,"href":"https:\/\/villamediteraneo.com\/hr\/wp-json\/wp\/v2\/comments?post=3"}],"version-history":[{"count":1,"href":"https:\/\/villamediteraneo.com\/hr\/wp-json\/wp\/v2\/pages\/3\/revisions"}],"predecessor-version":[{"id":9620,"href":"https:\/\/villamediteraneo.com\/hr\/wp-json\/wp\/v2\/pages\/3\/revisions\/9620"}],"wp:attachment":[{"href":"https:\/\/villamediteraneo.com\/hr\/wp-json\/wp\/v2\/media?parent=3"}],"curies":[{"name":"wp","href":"https:\/\/api.w.org\/{rel}","templated":true}]}}