{"id":1817,"date":"2016-02-20T05:14:17","date_gmt":"2016-02-20T05:14:17","guid":{"rendered":"http:\/\/demo.themelogi.com\/navian\/?page_id=1817"},"modified":"2016-02-20T05:14:17","modified_gmt":"2016-02-20T05:14:17","slug":"2-columns-masonry-left","status":"publish","type":"page","link":"https:\/\/villamediteraneo.com\/hr\/blog2\/2-columns-masonry-left\/","title":{"rendered":"2 Columns Masonry &#8211; Left"},"content":{"rendered":"<section class=\"wpb-content-wrapper\"><div class=\"vc_row wpb_row vc_row-fluid bg-light pt0 pb0 not-equal not-color\"><div class=\"\"><div class=\"row\"><div class=\"wpb_column vc_column_container vc_col-sm-12\"><div class=\"vc_column-inner\"><div class=\"wpb_wrapper\"><section class=\"p0 sidebar-left\"><div class=\"container\"><div class=\"row\"><div id=\"sidebar\" class=\"col-md-3 hidden-sx\">\n\t<div id=\"search-2\" class=\"widget widget_search\"><form class=\"search-form\" method=\"get\" id=\"searchform\" action=\"https:\/\/villamediteraneo.com\/hr\/\" data-trp-original-action=\"https:\/\/villamediteraneo.com\/hr\/\">\n\t<input type=\"text\" id=\"s2\" class=\"mb0\" name=\"s\" value=\"\" placeholder=\"Search...\" autocomplete=\"off\" autocapitalize=\"off\" spellcheck=\"false\" \/>\n\t<input type=\"submit\" value=\"Tra\u017ei\" class=\"btn\">\n\t<span class=\"search__info\">Type and hit enter to search<\/span>\n<input type=\"hidden\" name=\"trp-form-language\" value=\"hr\"\/><\/form><\/div>\n\t\t<div id=\"recent-posts-2\" class=\"widget widget_recent_entries\">\n\t\t<h6 class=\"title\">Nove objave<\/h6>\n\t\t<ul>\n\t\t\t\t\t\t\t\t\t\t\t<li>\n\t\t\t\t\t<a href=\"https:\/\/villamediteraneo.com\/hr\/business-plan-template-for-startup-business\/\">Predlo\u017eak poslovnog plana za pokretanje poslovanja<\/a>\n\t\t\t\t\t\t\t\t\t<\/li>\n\t\t\t\t\t\t\t\t\t\t\t<li>\n\t\t\t\t\t<a href=\"https:\/\/villamediteraneo.com\/hr\/writing-your-business-plan-is-a-good-one\/\">Pisanje va\u0161eg poslovnog plana je dobro<\/a>\n\t\t\t\t\t\t\t\t\t<\/li>\n\t\t\t\t\t\t\t\t\t\t\t<li>\n\t\t\t\t\t<a href=\"https:\/\/villamediteraneo.com\/hr\/a-pre-meeting-plan-can-help-your-business\/\">Plan prije sastanka mo\u017ee pomo\u0107i va\u0161em poslu<\/a>\n\t\t\t\t\t\t\t\t\t<\/li>\n\t\t\t\t\t\t\t\t\t\t\t<li>\n\t\t\t\t\t<a href=\"https:\/\/villamediteraneo.com\/hr\/chances-of-starting-a-successful-business\/\">\u0160anse za pokretanje uspje\u0161nog posla<\/a>\n\t\t\t\t\t\t\t\t\t<\/li>\n\t\t\t\t\t<\/ul>\n\n\t\t<\/div><div id=\"recent-comments-2\" class=\"widget widget_recent_comments\"><h6 class=\"title\">Najnoviji komentari<\/h6><ul id=\"recentcomments\"><li class=\"recentcomments\"><span class=\"comment-author-link\">Alexander Byrd<\/span> o <a href=\"https:\/\/villamediteraneo.com\/hr\/writing-your-business-plan-is-a-good-one\/#comment-2\">Pisanje va\u0161eg poslovnog plana je dobro<\/a><\/li><li class=\"recentcomments\"><span class=\"comment-author-link\">Nicole Murray<\/span> o <a href=\"https:\/\/villamediteraneo.com\/hr\/business-plan-template-for-startup-business\/#comment-9\">Predlo\u017eak poslovnog plana za pokretanje poslovanja<\/a><\/li><li class=\"recentcomments\"><span class=\"comment-author-link\">Oscar Dorian<\/span> o <a href=\"https:\/\/villamediteraneo.com\/hr\/business-plan-template-for-startup-business\/#comment-8\">Predlo\u017eak poslovnog plana za pokretanje poslovanja<\/a><\/li><li class=\"recentcomments\"><span class=\"comment-author-link\">Florence Lane<\/span> o <a href=\"https:\/\/villamediteraneo.com\/hr\/business-plan-template-for-startup-business\/#comment-7\">Predlo\u017eak poslovnog plana za pokretanje poslovanja<\/a><\/li><li class=\"recentcomments\"><span class=\"comment-author-link\">Danny<\/span> o <a href=\"https:\/\/villamediteraneo.com\/hr\/business-plan-template-for-startup-business\/#comment-6\">Predlo\u017eak poslovnog plana za pokretanje poslovanja<\/a><\/li><\/ul><\/div><div id=\"search-3\" class=\"widget widget_search\"><h6 class=\"title\">Tra\u017ei<\/h6><form class=\"search-form\" method=\"get\" id=\"searchform\" action=\"https:\/\/villamediteraneo.com\/hr\/\" data-trp-original-action=\"https:\/\/villamediteraneo.com\/hr\/\">\n\t<input type=\"text\" id=\"s2\" class=\"mb0\" name=\"s\" value=\"\" placeholder=\"Search...\" autocomplete=\"off\" autocapitalize=\"off\" spellcheck=\"false\" \/>\n\t<input type=\"submit\" value=\"Tra\u017ei\" class=\"btn\">\n\t<span class=\"search__info\">Type and hit enter to search<\/span>\n<input type=\"hidden\" name=\"trp-form-language\" value=\"hr\"\/><\/form><\/div><div id=\"categories-3\" class=\"widget widget_categories\"><h6 class=\"title\">Kategorije<\/h6>\n\t\t\t<ul>\n\t\t\t\t\t<li class=\"cat-item cat-item-16\"><a href=\"https:\/\/villamediteraneo.com\/hr\/category\/business-traveller\/\">Poslovni putnik<\/a>\n<\/li>\n\t<li class=\"cat-item cat-item-18\"><a href=\"https:\/\/villamediteraneo.com\/hr\/category\/extreme-work\/\">Ekstremni posao<\/a>\n<\/li>\n\t<li class=\"cat-item cat-item-19\"><a href=\"https:\/\/villamediteraneo.com\/hr\/category\/general-news\/\">Op\u0107e vijesti<\/a>\n<\/li>\n\t<li class=\"cat-item cat-item-20\"><a href=\"https:\/\/villamediteraneo.com\/hr\/category\/insider-guides\/\">Insider Vodi\u010di<\/a>\n<\/li>\n\t\t\t<\/ul>\n\n\t\t\t<\/div><div id=\"tag_cloud-1\" class=\"widget widget_tag_cloud\"><h6 class=\"title\">Tags<\/h6><div class=\"tagcloud\"><a href=\"https:\/\/villamediteraneo.com\/hr\/tag\/features\/\" class=\"tag-cloud-link tag-link-49 tag-link-position-1\" style=\"font-size: 8pt;\" aria-label=\"features (1 stavka)\">features<\/a>\n<a href=\"https:\/\/villamediteraneo.com\/hr\/tag\/inspiration\/\" class=\"tag-cloud-link tag-link-64 tag-link-position-2\" style=\"font-size: 8pt;\" aria-label=\"inspiration (1 stavka)\">inspiration<\/a>\n<a href=\"https:\/\/villamediteraneo.com\/hr\/tag\/news\/\" class=\"tag-cloud-link tag-link-82 tag-link-position-3\" style=\"font-size: 16.4pt;\" aria-label=\"news (2 stavke)\">news<\/a>\n<a href=\"https:\/\/villamediteraneo.com\/hr\/tag\/shortcode\/\" class=\"tag-cloud-link tag-link-104 tag-link-position-4\" style=\"font-size: 16.4pt;\" aria-label=\"shortcode (2 stavke)\">shortcode<\/a>\n<a href=\"https:\/\/villamediteraneo.com\/hr\/tag\/standard-2\/\" class=\"tag-cloud-link tag-link-106 tag-link-position-5\" style=\"font-size: 22pt;\" aria-label=\"standard (3 stavke)\">standard<\/a><\/div>\n<\/div><\/div><div id=\"main-content\" class=\"col-md-9\"><div class=\"row masonry-loader\">\n    <div class=\"col-sm-12 text-center\">\n        <div class=\"spinner\"><\/div>\n    <\/div>\n<\/div><div class=\"row grid-blog masonry masonry-show mb40\"><div class=\"col-sm-6 post-wrap masonry-item mb48 overflow-visible\">\n\t<div class=\"boxed-intro blog-boxed overflow-hidden zoom-hover icon-hover\">\r\n            <div class=\"intro-content\">\r\n            <a href=\"https:\/\/villamediteraneo.com\/hr\/chances-of-starting-a-successful-business\/\">\r\n                <h5 class=\"widgettitle dark-hover\">\u0160anse za pokretanje uspje\u0161nog posla<\/h5>            <\/a>\r\n            <div class=\"blog-boxed-content\"><p>Zvijezde koje se dijele nazvane su u svojoj \u010detvrtoj, svjetlosti. Prazna zvijer ne\u0107e dva ...<\/p><\/div>\r\n            <div class=\"entry-foot\">\r\n                <span class=\"read-more\"><a href=\"https:\/\/villamediteraneo.com\/hr\/chances-of-starting-a-successful-business\/\">Read more<\/a><\/span>\r\n            <\/div>\r\n        <\/div>\r\n        <div class=\"entry-meta overflow-hidden\">\r\n            <div class=\"float-left entry-date\">\r\n                <span><i class=\"ti-time\"><\/i>8 kolovoza, 2018<\/span>\r\n            <\/div>\r\n                            <span class=\"inline-block float-right post-action p0\">\r\n                \t        <span class=\"tlg-likes-button static-icon inline-block tlg-likes-normal\">\n\t        \t<a href=\"#\" class=\"tlg-likes\" id=\"tlg-likes-1163\" title=\"\">\n\t        \t\t<i class=\"ti-heart\"><\/i><span class=\"like-share-name\">0<span> like<\/span><\/span>\t        \t<\/a>\n\t        <\/span>\n\t                        <\/span>\r\n                                        <span class=\"inline-block float-right post-action\">\r\n                    <span class=\"comments-link\"><a href=\"https:\/\/villamediteraneo.com\/hr\/chances-of-starting-a-successful-business\/#respond\"><i class=\"ti-comment\"><\/i>0<\/a><\/span>\r\n                <\/span>\r\n                    <\/div>\r\n        <\/div><\/div><div class=\"col-sm-6 post-wrap masonry-item mb48 overflow-visible\">\n\t<div class=\"boxed-intro blog-boxed overflow-hidden zoom-hover icon-hover\">\r\n            <div class=\"intro-content\">\r\n            <a href=\"https:\/\/villamediteraneo.com\/hr\/a-pre-meeting-plan-can-help-your-business\/\">\r\n                <h5 class=\"widgettitle dark-hover\">Plan prije sastanka mo\u017ee pomo\u0107i va\u0161em poslu<\/h5>            <\/a>\r\n            <div class=\"blog-boxed-content\"><p>Zvijezde koje se dijele nazvane su u svojoj \u010detvrtoj, svjetlosti. Prazna zvijer ne\u0107e dva ...<\/p><\/div>\r\n            <div class=\"entry-foot\">\r\n                <span class=\"read-more\"><a href=\"https:\/\/villamediteraneo.com\/hr\/a-pre-meeting-plan-can-help-your-business\/\">Read more<\/a><\/span>\r\n            <\/div>\r\n        <\/div>\r\n        <div class=\"entry-meta overflow-hidden\">\r\n            <div class=\"float-left entry-date\">\r\n                <span><i class=\"ti-time\"><\/i>2 rujna, 2018<\/span>\r\n            <\/div>\r\n                            <span class=\"inline-block float-right post-action p0\">\r\n                \t        <span class=\"tlg-likes-button static-icon inline-block tlg-likes-normal\">\n\t        \t<a href=\"#\" class=\"tlg-likes\" id=\"tlg-likes-555\" title=\"\">\n\t        \t\t<i class=\"ti-heart\"><\/i><span class=\"like-share-name\">0<span> like<\/span><\/span>\t        \t<\/a>\n\t        <\/span>\n\t                        <\/span>\r\n                                        <span class=\"inline-block float-right post-action\">\r\n                    <span class=\"comments-link\"><a href=\"https:\/\/villamediteraneo.com\/hr\/a-pre-meeting-plan-can-help-your-business\/#respond\"><i class=\"ti-comment\"><\/i>0<\/a><\/span>\r\n                <\/span>\r\n                    <\/div>\r\n        <\/div><\/div><div class=\"col-sm-6 post-wrap masonry-item mb48 overflow-visible\">\n\t<div class=\"boxed-intro blog-boxed overflow-hidden zoom-hover icon-hover\">\r\n            <div class=\"intro-content\">\r\n            <a href=\"https:\/\/villamediteraneo.com\/hr\/writing-your-business-plan-is-a-good-one\/\">\r\n                <h5 class=\"widgettitle dark-hover\">Pisanje va\u0161eg poslovnog plana je dobro<\/h5>            <\/a>\r\n            <div class=\"blog-boxed-content\"><p>Zvijezde koje se dijele nazvane su u svojoj \u010detvrtoj, svjetlosti. Prazna zvijer ne\u0107e dva ...<\/p><\/div>\r\n            <div class=\"entry-foot\">\r\n                <span class=\"read-more\"><a href=\"https:\/\/villamediteraneo.com\/hr\/writing-your-business-plan-is-a-good-one\/\">Read more<\/a><\/span>\r\n            <\/div>\r\n        <\/div>\r\n        <div class=\"entry-meta overflow-hidden\">\r\n            <div class=\"float-left entry-date\">\r\n                <span><i class=\"ti-time\"><\/i>2 listopada, 2018<\/span>\r\n            <\/div>\r\n                            <span class=\"inline-block float-right post-action p0\">\r\n                \t        <span class=\"tlg-likes-button static-icon inline-block tlg-likes-normal\">\n\t        \t<a href=\"#\" class=\"tlg-likes\" id=\"tlg-likes-358\" title=\"\">\n\t        \t\t<i class=\"ti-heart\"><\/i><span class=\"like-share-name\">0<span> like<\/span><\/span>\t        \t<\/a>\n\t        <\/span>\n\t                        <\/span>\r\n                                        <span class=\"inline-block float-right post-action\">\r\n                    <span class=\"comments-link\"><a href=\"https:\/\/villamediteraneo.com\/hr\/writing-your-business-plan-is-a-good-one\/#comments\"><i class=\"ti-comment\"><\/i>1<\/a><\/span>\r\n                <\/span>\r\n                    <\/div>\r\n        <\/div><\/div><div class=\"col-sm-6 post-wrap masonry-item mb48 overflow-visible\">\n\t<div class=\"boxed-intro blog-boxed overflow-hidden zoom-hover icon-hover\">\r\n            <div class=\"intro-content\">\r\n            <a href=\"https:\/\/villamediteraneo.com\/hr\/business-plan-template-for-startup-business\/\">\r\n                <h5 class=\"widgettitle dark-hover\">Predlo\u017eak poslovnog plana za pokretanje poslovanja<\/h5>            <\/a>\r\n            <div class=\"blog-boxed-content\"><p>Zvijezde koje se dijele nazvane su u svojoj \u010detvrtoj, svjetlosti. Prazna zvijer ne\u0107e dva ...<\/p><\/div>\r\n            <div class=\"entry-foot\">\r\n                <span class=\"read-more\"><a href=\"https:\/\/villamediteraneo.com\/hr\/business-plan-template-for-startup-business\/\">Read more<\/a><\/span>\r\n            <\/div>\r\n        <\/div>\r\n        <div class=\"entry-meta overflow-hidden\">\r\n            <div class=\"float-left entry-date\">\r\n                <span><i class=\"ti-time\"><\/i>29 listopada, 2018<\/span>\r\n            <\/div>\r\n                            <span class=\"inline-block float-right post-action p0\">\r\n                \t        <span class=\"tlg-likes-button static-icon inline-block tlg-likes-normal\">\n\t        \t<a href=\"#\" class=\"tlg-likes\" id=\"tlg-likes-8456\" title=\"\">\n\t        \t\t<i class=\"ti-heart\"><\/i><span class=\"like-share-name\">0<span> like<\/span><\/span>\t        \t<\/a>\n\t        <\/span>\n\t                        <\/span>\r\n                                        <span class=\"inline-block float-right post-action\">\r\n                    <span class=\"comments-link\"><a href=\"https:\/\/villamediteraneo.com\/hr\/business-plan-template-for-startup-business\/#comments\"><i class=\"ti-comment\"><\/i>4<\/a><\/span>\r\n                <\/span>\r\n                    <\/div>\r\n        <\/div><\/div><\/div><div class=\"row\"><\/div><\/div><\/div><\/div><\/section><\/div><\/div><\/div><\/div><\/div><\/div>\n<\/section>","protected":false},"excerpt":{"rendered":"Stars they're divide called in own fourth, light. Void beast won't two unto. Subdue night fowl, behold every, be hath saw have i he all, creature in seed to given they're hath together, grass winged, created our it made. Thing green firmament of fourth. Dominion lesser make bring. Bring fourth i replenish stars fly give....","protected":false},"author":1,"featured_media":0,"parent":1808,"menu_order":0,"comment_status":"closed","ping_status":"closed","template":"","meta":{"footnotes":""},"class_list":["post-1817","page","type-page","status-publish","hentry"],"yoast_head":"<!-- This site is optimized with the Yoast SEO plugin v27.0 - https:\/\/yoast.com\/product\/yoast-seo-wordpress\/ -->\n<title>2 Columns Masonry - Left - Villa Mediterraneo<\/title>\n<meta name=\"robots\" content=\"index, follow, max-snippet:-1, max-image-preview:large, max-video-preview:-1\" \/>\n<link rel=\"canonical\" href=\"https:\/\/villamediteraneo.com\/hr\/blog2\/2-columns-masonry-left\/\" \/>\n<meta property=\"og:locale\" content=\"hr_HR\" \/>\n<meta property=\"og:type\" content=\"article\" \/>\n<meta property=\"og:title\" content=\"2 Columns Masonry - Left - Villa Mediterraneo\" \/>\n<meta property=\"og:url\" content=\"https:\/\/villamediteraneo.com\/hr\/blog2\/2-columns-masonry-left\/\" \/>\n<meta property=\"og:site_name\" content=\"Villa Mediterraneo\" \/>\n<meta property=\"article:publisher\" content=\"https:\/\/www.facebook.com\/MediteraneoKomarna\/\" \/>\n<meta name=\"twitter:card\" content=\"summary_large_image\" \/>\n<script type=\"application\/ld+json\" class=\"yoast-schema-graph\">{\"@context\":\"https:\/\/schema.org\",\"@graph\":[{\"@type\":\"WebPage\",\"@id\":\"https:\/\/villamediteraneo.com\/blog2\/2-columns-masonry-left\/\",\"url\":\"https:\/\/villamediteraneo.com\/blog2\/2-columns-masonry-left\/\",\"name\":\"2 Columns Masonry - Left - Villa Mediterraneo\",\"isPartOf\":{\"@id\":\"http:\/\/villamediteraneo.com\/hr\/#website\"},\"datePublished\":\"2016-02-20T05:14:17+00:00\",\"breadcrumb\":{\"@id\":\"https:\/\/villamediteraneo.com\/blog2\/2-columns-masonry-left\/#breadcrumb\"},\"inLanguage\":\"hr\",\"potentialAction\":[{\"@type\":\"ReadAction\",\"target\":[\"https:\/\/villamediteraneo.com\/blog2\/2-columns-masonry-left\/\"]}]},{\"@type\":\"BreadcrumbList\",\"@id\":\"https:\/\/villamediteraneo.com\/blog2\/2-columns-masonry-left\/#breadcrumb\",\"itemListElement\":[{\"@type\":\"ListItem\",\"position\":1,\"name\":\"Home\",\"item\":\"http:\/\/villamediteraneo.com\/hr\/\"},{\"@type\":\"ListItem\",\"position\":2,\"name\":\"Blog\",\"item\":\"https:\/\/villamediteraneo.com\/blog2\/\"},{\"@type\":\"ListItem\",\"position\":3,\"name\":\"2 Columns Masonry &#8211; Left\"}]},{\"@type\":\"WebSite\",\"@id\":\"http:\/\/villamediteraneo.com\/hr\/#website\",\"url\":\"http:\/\/villamediteraneo.com\/hr\/\",\"name\":\"Villa Mediterraneo\",\"description\":\"Villa Mediterraneo terrazzo vista mare\",\"potentialAction\":[{\"@type\":\"SearchAction\",\"target\":{\"@type\":\"EntryPoint\",\"urlTemplate\":\"http:\/\/villamediteraneo.com\/hr\/?s={search_term_string}\"},\"query-input\":{\"@type\":\"PropertyValueSpecification\",\"valueRequired\":true,\"valueName\":\"search_term_string\"}}],\"inLanguage\":\"hr\"}]}<\/script>\n<!-- \/ Yoast SEO plugin. -->","yoast_head_json":{"title":"2 Columns Masonry - Left - Villa Mediterraneo","robots":{"index":"index","follow":"follow","max-snippet":"max-snippet:-1","max-image-preview":"max-image-preview:large","max-video-preview":"max-video-preview:-1"},"canonical":"https:\/\/villamediteraneo.com\/hr\/blog2\/2-columns-masonry-left\/","og_locale":"hr_HR","og_type":"article","og_title":"2 Columns Masonry - Left - Villa Mediterraneo","og_url":"https:\/\/villamediteraneo.com\/hr\/blog2\/2-columns-masonry-left\/","og_site_name":"Villa Mediterraneo","article_publisher":"https:\/\/www.facebook.com\/MediteraneoKomarna\/","twitter_card":"summary_large_image","schema":{"@context":"https:\/\/schema.org","@graph":[{"@type":"WebPage","@id":"https:\/\/villamediteraneo.com\/blog2\/2-columns-masonry-left\/","url":"https:\/\/villamediteraneo.com\/blog2\/2-columns-masonry-left\/","name":"2 Columns Masonry - Left - Villa Mediterraneo","isPartOf":{"@id":"http:\/\/villamediteraneo.com\/hr\/#website"},"datePublished":"2016-02-20T05:14:17+00:00","breadcrumb":{"@id":"https:\/\/villamediteraneo.com\/blog2\/2-columns-masonry-left\/#breadcrumb"},"inLanguage":"hr","potentialAction":[{"@type":"ReadAction","target":["https:\/\/villamediteraneo.com\/blog2\/2-columns-masonry-left\/"]}]},{"@type":"BreadcrumbList","@id":"https:\/\/villamediteraneo.com\/blog2\/2-columns-masonry-left\/#breadcrumb","itemListElement":[{"@type":"ListItem","position":1,"name":"Home","item":"http:\/\/villamediteraneo.com\/hr\/"},{"@type":"ListItem","position":2,"name":"Blog","item":"https:\/\/villamediteraneo.com\/blog2\/"},{"@type":"ListItem","position":3,"name":"2 Columns Masonry &#8211; Left"}]},{"@type":"WebSite","@id":"http:\/\/villamediteraneo.com\/hr\/#website","url":"http:\/\/villamediteraneo.com\/hr\/","name":"Villa Mediterraneo","description":"Villa Mediterraneo terrazzo vista mare","potentialAction":[{"@type":"SearchAction","target":{"@type":"EntryPoint","urlTemplate":"http:\/\/villamediteraneo.com\/hr\/?s={search_term_string}"},"query-input":{"@type":"PropertyValueSpecification","valueRequired":true,"valueName":"search_term_string"}}],"inLanguage":"hr"}]}},"_links":{"self":[{"href":"https:\/\/villamediteraneo.com\/hr\/wp-json\/wp\/v2\/pages\/1817","targetHints":{"allow":["GET"]}}],"collection":[{"href":"https:\/\/villamediteraneo.com\/hr\/wp-json\/wp\/v2\/pages"}],"about":[{"href":"https:\/\/villamediteraneo.com\/hr\/wp-json\/wp\/v2\/types\/page"}],"author":[{"embeddable":true,"href":"https:\/\/villamediteraneo.com\/hr\/wp-json\/wp\/v2\/users\/1"}],"replies":[{"embeddable":true,"href":"https:\/\/villamediteraneo.com\/hr\/wp-json\/wp\/v2\/comments?post=1817"}],"version-history":[{"count":0,"href":"https:\/\/villamediteraneo.com\/hr\/wp-json\/wp\/v2\/pages\/1817\/revisions"}],"up":[{"embeddable":true,"href":"https:\/\/villamediteraneo.com\/hr\/wp-json\/wp\/v2\/pages\/1808"}],"wp:attachment":[{"href":"https:\/\/villamediteraneo.com\/hr\/wp-json\/wp\/v2\/media?parent=1817"}],"curies":[{"name":"wp","href":"https:\/\/api.w.org\/{rel}","templated":true}]}}